{"id":553,"date":"2025-06-18T10:05:58","date_gmt":"2025-06-18T15:05:58","guid":{"rendered":"https:\/\/cervezaencuentro.com\/?post_type=product&#038;p=553"},"modified":"2025-06-18T10:44:46","modified_gmt":"2025-06-18T15:44:46","slug":"barril-de-frutos-rojos-30lt","status":"publish","type":"product","link":"https:\/\/cervezaencuentro.com\/index.php\/producto\/barril-de-frutos-rojos-30lt\/","title":{"rendered":"Barril de Frutos Rojos 30lt"},"content":{"rendered":"<p><strong>Barril Encuentro Frutos Rojos 30L<\/strong><br \/>\nNuestra cl\u00e1sica cerveza de Frutos Rojos, ahora en formato ideal para compartir. Suave, frutal y con el toque perfecto de dulzor, es la opci\u00f3n perfecta para eventos, bares o momentos de disfrute. \u00a1Con\u00e9ctalo a tu dispensador y deja que fluya el sabor!<\/p>\n<p>Cerveza Altbier | 5.2% Alc. | 30L<\/p>\n<p>Notas a mora, frambuesa y ar\u00e1ndano<\/p>\n<p>Bajo amargor, refrescante y equilibrada<\/p>\n<p>Compatible con dispensadores tipo Keg A<\/p>\n","protected":false},"excerpt":{"rendered":"<p><strong>Barril de Cerveza Encuentro &#8211; Frutos Rojos 30L<\/strong><br \/>\nSum\u00e9rgete en el sabor \u00fanico de nuestra cerveza artesanal Frutos Rojos, ahora en presentaci\u00f3n de barril tipo Keg de 30 litros. Con un caracter\u00edstico color cobrizo y un bajo nivel de amargor, esta cerveza sorprende con notas frescas y afrutadas que evocan ar\u00e1ndanos, frambuesas y moras. Ideal para compartir en eventos, bares o reuniones especiales.<\/p>\n","protected":false},"featured_media":554,"comment_status":"open","ping_status":"closed","template":"","meta":[],"product_brand":[],"product_cat":[16],"product_tag":[42],"class_list":{"0":"post-553","1":"product","2":"type-product","3":"status-publish","4":"has-post-thumbnail","6":"product_cat-sin-categorizar","7":"product_tag-barriles","9":"first","10":"instock","11":"sale","12":"taxable","13":"shipping-taxable","14":"purchasable","15":"product-type-simple"},"_links":{"self":[{"href":"https:\/\/cervezaencuentro.com\/index.php\/wp-json\/wp\/v2\/product\/553","targetHints":{"allow":["GET"]}}],"collection":[{"href":"https:\/\/cervezaencuentro.com\/index.php\/wp-json\/wp\/v2\/product"}],"about":[{"href":"https:\/\/cervezaencuentro.com\/index.php\/wp-json\/wp\/v2\/types\/product"}],"replies":[{"embeddable":true,"href":"https:\/\/cervezaencuentro.com\/index.php\/wp-json\/wp\/v2\/comments?post=553"}],"wp:featuredmedia":[{"embeddable":true,"href":"https:\/\/cervezaencuentro.com\/index.php\/wp-json\/wp\/v2\/media\/554"}],"wp:attachment":[{"href":"https:\/\/cervezaencuentro.com\/index.php\/wp-json\/wp\/v2\/media?parent=553"}],"wp:term":[{"taxonomy":"product_brand","embeddable":true,"href":"https:\/\/cervezaencuentro.com\/index.php\/wp-json\/wp\/v2\/product_brand?post=553"},{"taxonomy":"product_cat","embeddable":true,"href":"https:\/\/cervezaencuentro.com\/index.php\/wp-json\/wp\/v2\/product_cat?post=553"},{"taxonomy":"product_tag","embeddable":true,"href":"https:\/\/cervezaencuentro.com\/index.php\/wp-json\/wp\/v2\/product_tag?post=553"}],"curies":[{"name":"wp","href":"https:\/\/api.w.org\/{rel}","templated":true}]}}