{"id":276,"date":"2025-06-16T20:49:05","date_gmt":"2025-06-17T01:49:05","guid":{"rendered":"https:\/\/cervezaencuentro.com\/?post_type=product&#038;p=276"},"modified":"2025-06-16T21:17:09","modified_gmt":"2025-06-17T02:17:09","slug":"mara-cuya-y-miel-500ml","status":"publish","type":"product","link":"https:\/\/cervezaencuentro.com\/index.php\/producto\/mara-cuya-y-miel-500ml\/","title":{"rendered":"Mara cuya y Miel 500ml"},"content":{"rendered":"<p>Una cerveza artesanal con car\u00e1cter tropical. Su dise\u00f1o vibrante muestra monos juguetones entre lianas, reflejando la frescura frutal del maracuy\u00e1 y la suavidad de la miel.<\/p>\n<p>&nbsp;<\/p>\n<p>&nbsp;<\/p>\n<p>&nbsp;<\/p>\n<p>&nbsp;<\/p>\n<p>&nbsp;<\/p>\n","protected":false},"excerpt":{"rendered":"<p>Una cerveza artesanal con car\u00e1cter tropical. Su dise\u00f1o vibrante muestra monos juguetones entre lianas, reflejando la frescura frutal del maracuy\u00e1 y la suavidad de la miel. &nbsp; &nbsp; &nbsp; &nbsp; &nbsp;<\/p>\n","protected":false},"featured_media":277,"comment_status":"open","ping_status":"closed","template":"","meta":[],"product_brand":[],"product_cat":[16,21],"product_tag":[25,22,23],"class_list":{"0":"post-276","1":"product","2":"type-product","3":"status-publish","4":"has-post-thumbnail","6":"product_cat-sin-categorizar","7":"product_cat-latas-de-cerveza","8":"product_tag-500ml","9":"product_tag-latas","10":"product_tag-maracuya-y-miel","12":"first","13":"instock","14":"sale","15":"taxable","16":"shipping-taxable","17":"purchasable","18":"product-type-simple"},"_links":{"self":[{"href":"https:\/\/cervezaencuentro.com\/index.php\/wp-json\/wp\/v2\/product\/276","targetHints":{"allow":["GET"]}}],"collection":[{"href":"https:\/\/cervezaencuentro.com\/index.php\/wp-json\/wp\/v2\/product"}],"about":[{"href":"https:\/\/cervezaencuentro.com\/index.php\/wp-json\/wp\/v2\/types\/product"}],"replies":[{"embeddable":true,"href":"https:\/\/cervezaencuentro.com\/index.php\/wp-json\/wp\/v2\/comments?post=276"}],"wp:featuredmedia":[{"embeddable":true,"href":"https:\/\/cervezaencuentro.com\/index.php\/wp-json\/wp\/v2\/media\/277"}],"wp:attachment":[{"href":"https:\/\/cervezaencuentro.com\/index.php\/wp-json\/wp\/v2\/media?parent=276"}],"wp:term":[{"taxonomy":"product_brand","embeddable":true,"href":"https:\/\/cervezaencuentro.com\/index.php\/wp-json\/wp\/v2\/product_brand?post=276"},{"taxonomy":"product_cat","embeddable":true,"href":"https:\/\/cervezaencuentro.com\/index.php\/wp-json\/wp\/v2\/product_cat?post=276"},{"taxonomy":"product_tag","embeddable":true,"href":"https:\/\/cervezaencuentro.com\/index.php\/wp-json\/wp\/v2\/product_tag?post=276"}],"curies":[{"name":"wp","href":"https:\/\/api.w.org\/{rel}","templated":true}]}}