{"id":134,"date":"2025-06-16T09:07:46","date_gmt":"2025-06-16T14:07:46","guid":{"rendered":"https:\/\/cervezaencuentro.com\/?page_id=134"},"modified":"2025-06-18T09:53:49","modified_gmt":"2025-06-18T14:53:49","slug":"nosotros","status":"publish","type":"page","link":"https:\/\/cervezaencuentro.com\/index.php\/nosotros\/","title":{"rendered":"Nosotros"},"content":{"rendered":"\t\t<div data-elementor-type=\"wp-page\" data-elementor-id=\"134\" class=\"elementor elementor-134\" data-elementor-post-type=\"page\">\n\t\t\t\t<div class=\"elementor-element elementor-element-2f86f66 e-flex e-con-boxed e-con e-parent\" data-id=\"2f86f66\" data-element_type=\"container\" data-settings=\"{&quot;background_background&quot;:&quot;classic&quot;,&quot;background_motion_fx_motion_fx_scrolling&quot;:&quot;yes&quot;,&quot;background_motion_fx_scale_effect&quot;:&quot;yes&quot;,&quot;background_motion_fx_scale_speed&quot;:{&quot;unit&quot;:&quot;px&quot;,&quot;size&quot;:5,&quot;sizes&quot;:[]},&quot;background_motion_fx_scale_direction&quot;:&quot;out-in&quot;,&quot;background_motion_fx_scale_range&quot;:{&quot;unit&quot;:&quot;%&quot;,&quot;size&quot;:&quot;&quot;,&quot;sizes&quot;:{&quot;start&quot;:20,&quot;end&quot;:80}},&quot;background_motion_fx_devices&quot;:[&quot;desktop&quot;,&quot;tablet&quot;,&quot;mobile&quot;]}\">\n\t\t\t\t\t<div class=\"e-con-inner\">\n\t\t<div class=\"elementor-element elementor-element-b700508 e-con-full e-flex e-con e-child\" data-id=\"b700508\" data-element_type=\"container\">\n\t\t\t\t<div class=\"elementor-element elementor-element-d8eae87 elementor-widget elementor-widget-heading\" data-id=\"d8eae87\" data-element_type=\"widget\" data-widget_type=\"heading.default\">\n\t\t\t\t<div class=\"elementor-widget-container\">\n\t\t\t\t\t<h2 class=\"elementor-heading-title elementor-size-default\">NUESTRA EMPRESA NACI\u00d3 GRACIAS A LOS APASIONADOS DE LA CERVEZA<\/h2>\t\t\t\t<\/div>\n\t\t\t\t<\/div>\n\t\t\t\t<div class=\"elementor-element elementor-element-419a2ca elementor-widget elementor-widget-text-editor\" data-id=\"419a2ca\" data-element_type=\"widget\" data-widget_type=\"text-editor.default\">\n\t\t\t\t<div class=\"elementor-widget-container\">\n\t\t\t\t\t\t\t\t\t<p>Encuentro beer cellar surge del entusiasmo y la pasi\u00f3n por la cerveza artesanal, un espacio creado para quienes buscan m\u00e1s que una bebida: un lugar donde compartir, descubrir y celebrar cada sabor. aqu\u00ed, cada encuentro se convierte en una experiencia \u00fanica, dise\u00f1ada para conectar personas a trav\u00e9s del buen gusto y la cultura cervecera.<\/p>\t\t\t\t\t\t\t\t<\/div>\n\t\t\t\t<\/div>\n\t\t\t\t<\/div>\n\t\t<div class=\"elementor-element elementor-element-a2cf0e7 e-con-full e-flex e-con e-child\" data-id=\"a2cf0e7\" data-element_type=\"container\">\n\t\t\t\t<\/div>\n\t\t\t\t\t<\/div>\n\t\t\t\t<\/div>\n\t\t<div class=\"elementor-element elementor-element-1798672 e-flex e-con-boxed e-con e-parent\" data-id=\"1798672\" data-element_type=\"container\" data-settings=\"{&quot;background_background&quot;:&quot;classic&quot;,&quot;background_motion_fx_motion_fx_scrolling&quot;:&quot;yes&quot;,&quot;background_motion_fx_translateY_effect&quot;:&quot;yes&quot;,&quot;background_motion_fx_translateY_speed&quot;:{&quot;unit&quot;:&quot;px&quot;,&quot;size&quot;:4,&quot;sizes&quot;:[]},&quot;background_motion_fx_translateY_affectedRange&quot;:{&quot;unit&quot;:&quot;%&quot;,&quot;size&quot;:&quot;&quot;,&quot;sizes&quot;:{&quot;start&quot;:0,&quot;end&quot;:100}},&quot;background_motion_fx_devices&quot;:[&quot;desktop&quot;,&quot;tablet&quot;,&quot;mobile&quot;]}\">\n\t\t\t\t\t<div class=\"e-con-inner\">\n\t\t<div class=\"elementor-element elementor-element-01f52d0 e-con-full e-flex e-con e-child\" data-id=\"01f52d0\" data-element_type=\"container\">\n\t\t\t\t<div class=\"elementor-element elementor-element-b2f012f elementor-widget elementor-widget-image\" data-id=\"b2f012f\" data-element_type=\"widget\" data-widget_type=\"image.default\">\n\t\t\t\t<div class=\"elementor-widget-container\">\n\t\t\t\t\t\t\t\t\t\t\t\t\t\t\t<img fetchpriority=\"high\" decoding=\"async\" width=\"800\" height=\"1000\" src=\"https:\/\/cervezaencuentro.com\/wp-content\/uploads\/2025\/06\/472231480_624088556859488_7842874577054960152_n-819x1024.png\" class=\"attachment-large size-large wp-image-183\" alt=\"\" srcset=\"https:\/\/cervezaencuentro.com\/wp-content\/uploads\/2025\/06\/472231480_624088556859488_7842874577054960152_n-819x1024.png 819w, https:\/\/cervezaencuentro.com\/wp-content\/uploads\/2025\/06\/472231480_624088556859488_7842874577054960152_n-240x300.png 240w, https:\/\/cervezaencuentro.com\/wp-content\/uploads\/2025\/06\/472231480_624088556859488_7842874577054960152_n-768x960.png 768w, https:\/\/cervezaencuentro.com\/wp-content\/uploads\/2025\/06\/472231480_624088556859488_7842874577054960152_n-1228x1536.png 1228w, https:\/\/cervezaencuentro.com\/wp-content\/uploads\/2025\/06\/472231480_624088556859488_7842874577054960152_n-600x750.png 600w, https:\/\/cervezaencuentro.com\/wp-content\/uploads\/2025\/06\/472231480_624088556859488_7842874577054960152_n.png 1349w\" sizes=\"(max-width: 800px) 100vw, 800px\" \/>\t\t\t\t\t\t\t\t\t\t\t\t\t\t\t<\/div>\n\t\t\t\t<\/div>\n\t\t\t\t<\/div>\n\t\t<div class=\"elementor-element elementor-element-cb8c57b e-con-full e-flex e-con e-child\" data-id=\"cb8c57b\" data-element_type=\"container\">\n\t\t\t\t<div class=\"elementor-element elementor-element-5ffa891 elementor-widget elementor-widget-image\" data-id=\"5ffa891\" data-element_type=\"widget\" data-widget_type=\"image.default\">\n\t\t\t\t<div class=\"elementor-widget-container\">\n\t\t\t\t\t\t\t\t\t\t\t\t\t\t\t<img decoding=\"async\" width=\"200\" height=\"199\" src=\"https:\/\/cervezaencuentro.com\/wp-content\/uploads\/2025\/06\/Recurso-5.svg\" class=\"attachment-full size-full wp-image-107\" alt=\"\" \/>\t\t\t\t\t\t\t\t\t\t\t\t\t\t\t<\/div>\n\t\t\t\t<\/div>\n\t\t\t\t<div class=\"elementor-element elementor-element-b0a823a elementor-widget elementor-widget-heading\" data-id=\"b0a823a\" data-element_type=\"widget\" data-widget_type=\"heading.default\">\n\t\t\t\t<div class=\"elementor-widget-container\">\n\t\t\t\t\t<h2 class=\"elementor-heading-title elementor-size-default\">M\u00c1S DE 20 A\u00d1OS DE EXPERIENCIA PARA ALCANZAR EL MEJOR SABOR<\/h2>\t\t\t\t<\/div>\n\t\t\t\t<\/div>\n\t\t\t\t<div class=\"elementor-element elementor-element-66a3fb6 elementor-widget elementor-widget-text-editor\" data-id=\"66a3fb6\" data-element_type=\"widget\" data-widget_type=\"text-editor.default\">\n\t\t\t\t<div class=\"elementor-widget-container\">\n\t\t\t\t\t\t\t\t\t<p>EN ENCUENTRO BEER CELLAR COMBINAMOS D\u00c9CADAS DE CONOCIMIENTO, PASI\u00d3N Y MAESTR\u00cdA CERVECERA PARA OFRECERTE UNA EXPERIENCIA DE SABOR INIGUALABLE. CADA CERVEZA QUE SERVIMOS ES EL RESULTADO DE A\u00d1OS DE DEDICACI\u00d3N A LA CALIDAD Y A LA AUT\u00c9NTICA CULTURA DE LA CERVEZA.<\/p>\t\t\t\t\t\t\t\t<\/div>\n\t\t\t\t<\/div>\n\t\t\t\t<div class=\"elementor-element elementor-element-619844b elementor-widget elementor-widget-text-editor\" data-id=\"619844b\" data-element_type=\"widget\" data-widget_type=\"text-editor.default\">\n\t\t\t\t<div class=\"elementor-widget-container\">\n\t\t\t\t\t\t\t\t\t<p>Lorem fistrum por la gloria de mi madre esse jarl aliqua llevame al sircoo. De la pradera ullamco qu\u00e9 dise usteer est\u00e1 la cosa muy malar.<\/p>\t\t\t\t\t\t\t\t<\/div>\n\t\t\t\t<\/div>\n\t\t\t\t<\/div>\n\t\t\t\t\t<\/div>\n\t\t\t\t<\/div>\n\t\t<div class=\"elementor-element elementor-element-e11d0fa e-flex e-con-boxed e-con e-parent\" data-id=\"e11d0fa\" data-element_type=\"container\" data-settings=\"{&quot;background_background&quot;:&quot;classic&quot;}\">\n\t\t\t\t\t<div class=\"e-con-inner\">\n\t\t<div class=\"elementor-element elementor-element-a92b75a e-con-full e-flex e-con e-child\" data-id=\"a92b75a\" data-element_type=\"container\">\n\t\t\t\t<div class=\"elementor-element elementor-element-ecae576 elementor-widget elementor-widget-heading\" data-id=\"ecae576\" data-element_type=\"widget\" data-widget_type=\"heading.default\">\n\t\t\t\t<div class=\"elementor-widget-container\">\n\t\t\t\t\t<h2 class=\"elementor-heading-title elementor-size-default\">NUESTROS LOCALES<\/h2>\t\t\t\t<\/div>\n\t\t\t\t<\/div>\n\t\t\t\t<\/div>\n\t\t<div class=\"elementor-element elementor-element-1c71dea e-con-full e-flex e-con e-child\" data-id=\"1c71dea\" data-element_type=\"container\">\n\t\t\t\t<\/div>\n\t\t\t\t\t<\/div>\n\t\t\t\t<\/div>\n\t\t<div class=\"elementor-element elementor-element-191e926 e-flex e-con-boxed e-con e-parent\" data-id=\"191e926\" data-element_type=\"container\" data-settings=\"{&quot;background_background&quot;:&quot;classic&quot;}\">\n\t\t\t\t\t<div class=\"e-con-inner\">\n\t\t<div class=\"elementor-element elementor-element-287fb21 e-con-full e-flex e-con e-child\" data-id=\"287fb21\" data-element_type=\"container\">\n\t\t\t\t<div class=\"elementor-element elementor-element-a962c83 elementor-widget elementor-widget-image\" data-id=\"a962c83\" data-element_type=\"widget\" data-widget_type=\"image.default\">\n\t\t\t\t<div class=\"elementor-widget-container\">\n\t\t\t\t\t\t\t\t\t\t\t\t\t\t\t<img decoding=\"async\" width=\"301\" height=\"167\" src=\"https:\/\/cervezaencuentro.com\/wp-content\/uploads\/2025\/06\/images.jpg\" class=\"attachment-large size-large wp-image-186\" alt=\"\" \/>\t\t\t\t\t\t\t\t\t\t\t\t\t\t\t<\/div>\n\t\t\t\t<\/div>\n\t\t\t\t<div class=\"elementor-element elementor-element-73eff1f elementor-position-left elementor-view-default elementor-mobile-position-top elementor-vertical-align-top elementor-widget elementor-widget-icon-box\" data-id=\"73eff1f\" data-element_type=\"widget\" data-widget_type=\"icon-box.default\">\n\t\t\t\t<div class=\"elementor-widget-container\">\n\t\t\t\t\t\t\t<div class=\"elementor-icon-box-wrapper\">\n\n\t\t\t\t\t\t<div class=\"elementor-icon-box-icon\">\n\t\t\t\t<span  class=\"elementor-icon\">\n\t\t\t\t<svg xmlns=\"http:\/\/www.w3.org\/2000\/svg\" viewBox=\"0 0 39.88 39.88\"><defs><style>.cls-1{fill:#d78c23;}.cls-2{fill:#fff;}.cls-3{fill:none;}<\/style><\/defs><g id=\"Capa_2\" data-name=\"Capa 2\"><g id=\"HOME\"><g id=\"Pc\"><g id=\"Cuarta_Secci&#xF3;n\" data-name=\"Cuarta Secci&#xF3;n\"><circle class=\"cls-1\" cx=\"19.94\" cy=\"19.94\" r=\"19.94\"><\/circle><path class=\"cls-2\" d=\"M19.9,7.5a8.6,8.6,0,0,1,8.23,6,8.1,8.1,0,0,1-.61,6.58c-1.85,3.31-3.78,6.57-5.68,9.86l-1.1,1.88a.88.88,0,0,1-1.62,0c-2-3.38-4-6.75-5.92-10.13a13.41,13.41,0,0,1-1.6-3.48,8.64,8.64,0,0,1,7.46-10.7A8.26,8.26,0,0,1,19.9,7.5Zm0,22.37.18-.27c1.21-2.07,2.44-4.12,3.64-6.19.85-1.49,1.76-3,2.48-4.52a6.49,6.49,0,0,0-.58-6.67A6.78,6.78,0,0,0,18,9.48a6.6,6.6,0,0,0-4.5,4.14,6.57,6.57,0,0,0,.4,5.81c1.49,2.64,3,5.25,4.52,7.88Z\"><\/path><path class=\"cls-3\" d=\"M18.08,17.4h0a2.33,2.33,0,0,1,0-.37A2.33,2.33,0,0,0,18.08,17.4Z\"><\/path><path class=\"cls-3\" d=\"M18.12,17a1.83,1.83,0,0,1,.28-.66A1.83,1.83,0,0,0,18.12,17Z\"><\/path><path class=\"cls-3\" d=\"M21.8,17.38h0a1.89,1.89,0,0,1-.14.72A1.89,1.89,0,0,0,21.8,17.38Z\"><\/path><path class=\"cls-2\" d=\"M19.94,14.22a3.18,3.18,0,1,0,3.18,3.18A3.19,3.19,0,0,0,19.94,14.22Zm1.86,3.16A1.87,1.87,0,0,1,20,19.26a2.33,2.33,0,0,1-.37,0,1.87,1.87,0,0,1-1.17-.78,1.79,1.79,0,0,1-.33-1h0a2.33,2.33,0,0,1,0-.37,1.83,1.83,0,0,1,.28-.66,1.85,1.85,0,0,1,3.4,1Z\"><\/path><path class=\"cls-2\" d=\"M20,19.26a2.33,2.33,0,0,1-.37,0,2.33,2.33,0,0,0,.37,0,1.89,1.89,0,0,0,1.71-1.16A1.89,1.89,0,0,1,20,19.26Z\"><\/path><path class=\"cls-2\" d=\"M19.92,15.54a1.88,1.88,0,0,1,1.88,1.84h0A1.88,1.88,0,0,0,19.92,15.54Z\"><\/path><path class=\"cls-2\" d=\"M18.08,17.4a1.79,1.79,0,0,0,.33,1,1.79,1.79,0,0,1-.33-1Z\"><\/path><\/g><\/g><\/g><\/g><\/svg>\t\t\t\t<\/span>\n\t\t\t<\/div>\n\t\t\t\n\t\t\t\t\t\t<div class=\"elementor-icon-box-content\">\n\n\t\t\t\t\t\t\t\t\t<h3 class=\"elementor-icon-box-title\">\n\t\t\t\t\t\t<span  >\n\t\t\t\t\t\t\tCUMBAYA\t\t\t\t\t\t<\/span>\n\t\t\t\t\t<\/h3>\n\t\t\t\t\n\t\t\t\t\t\t\t\t\t<p class=\"elementor-icon-box-description\">\n\t\t\t\t\t\tFrancisco de Orellana 367\t\t\t\t\t<\/p>\n\t\t\t\t\n\t\t\t<\/div>\n\t\t\t\n\t\t<\/div>\n\t\t\t\t\t\t<\/div>\n\t\t\t\t<\/div>\n\t\t\t\t<\/div>\n\t\t<div class=\"elementor-element elementor-element-14215c4 e-con-full e-flex e-con e-child\" data-id=\"14215c4\" data-element_type=\"container\">\n\t\t\t\t<div class=\"elementor-element elementor-element-cd4a6e7 elementor-widget elementor-widget-image\" data-id=\"cd4a6e7\" data-element_type=\"widget\" data-widget_type=\"image.default\">\n\t\t\t\t<div class=\"elementor-widget-container\">\n\t\t\t\t\t\t\t\t\t\t\t\t\t\t\t<img decoding=\"async\" src=\"https:\/\/cervezaencuentro.com\/wp-content\/uploads\/elementor\/thumbs\/unnamed-r7eessda76h6x7cbrbrsnj5g5lennr8u2nw03di0g6.webp\" title=\"unnamed\" alt=\"unnamed\" loading=\"lazy\" \/>\t\t\t\t\t\t\t\t\t\t\t\t\t\t\t<\/div>\n\t\t\t\t<\/div>\n\t\t\t\t<div class=\"elementor-element elementor-element-0a853ee elementor-position-left elementor-view-default elementor-mobile-position-top elementor-vertical-align-top elementor-widget elementor-widget-icon-box\" data-id=\"0a853ee\" data-element_type=\"widget\" data-widget_type=\"icon-box.default\">\n\t\t\t\t<div class=\"elementor-widget-container\">\n\t\t\t\t\t\t\t<div class=\"elementor-icon-box-wrapper\">\n\n\t\t\t\t\t\t<div class=\"elementor-icon-box-icon\">\n\t\t\t\t<span  class=\"elementor-icon\">\n\t\t\t\t<svg xmlns=\"http:\/\/www.w3.org\/2000\/svg\" viewBox=\"0 0 39.88 39.88\"><defs><style>.cls-1{fill:#d78c23;}.cls-2{fill:#fff;}.cls-3{fill:none;}<\/style><\/defs><g id=\"Capa_2\" data-name=\"Capa 2\"><g id=\"HOME\"><g id=\"Pc\"><g id=\"Cuarta_Secci&#xF3;n\" data-name=\"Cuarta Secci&#xF3;n\"><circle class=\"cls-1\" cx=\"19.94\" cy=\"19.94\" r=\"19.94\"><\/circle><path class=\"cls-2\" d=\"M19.9,7.5a8.6,8.6,0,0,1,8.23,6,8.1,8.1,0,0,1-.61,6.58c-1.85,3.31-3.78,6.57-5.68,9.86l-1.1,1.88a.88.88,0,0,1-1.62,0c-2-3.38-4-6.75-5.92-10.13a13.41,13.41,0,0,1-1.6-3.48,8.64,8.64,0,0,1,7.46-10.7A8.26,8.26,0,0,1,19.9,7.5Zm0,22.37.18-.27c1.21-2.07,2.44-4.12,3.64-6.19.85-1.49,1.76-3,2.48-4.52a6.49,6.49,0,0,0-.58-6.67A6.78,6.78,0,0,0,18,9.48a6.6,6.6,0,0,0-4.5,4.14,6.57,6.57,0,0,0,.4,5.81c1.49,2.64,3,5.25,4.52,7.88Z\"><\/path><path class=\"cls-3\" d=\"M18.08,17.4h0a2.33,2.33,0,0,1,0-.37A2.33,2.33,0,0,0,18.08,17.4Z\"><\/path><path class=\"cls-3\" d=\"M18.12,17a1.83,1.83,0,0,1,.28-.66A1.83,1.83,0,0,0,18.12,17Z\"><\/path><path class=\"cls-3\" d=\"M21.8,17.38h0a1.89,1.89,0,0,1-.14.72A1.89,1.89,0,0,0,21.8,17.38Z\"><\/path><path class=\"cls-2\" d=\"M19.94,14.22a3.18,3.18,0,1,0,3.18,3.18A3.19,3.19,0,0,0,19.94,14.22Zm1.86,3.16A1.87,1.87,0,0,1,20,19.26a2.33,2.33,0,0,1-.37,0,1.87,1.87,0,0,1-1.17-.78,1.79,1.79,0,0,1-.33-1h0a2.33,2.33,0,0,1,0-.37,1.83,1.83,0,0,1,.28-.66,1.85,1.85,0,0,1,3.4,1Z\"><\/path><path class=\"cls-2\" d=\"M20,19.26a2.33,2.33,0,0,1-.37,0,2.33,2.33,0,0,0,.37,0,1.89,1.89,0,0,0,1.71-1.16A1.89,1.89,0,0,1,20,19.26Z\"><\/path><path class=\"cls-2\" d=\"M19.92,15.54a1.88,1.88,0,0,1,1.88,1.84h0A1.88,1.88,0,0,0,19.92,15.54Z\"><\/path><path class=\"cls-2\" d=\"M18.08,17.4a1.79,1.79,0,0,0,.33,1,1.79,1.79,0,0,1-.33-1Z\"><\/path><\/g><\/g><\/g><\/g><\/svg>\t\t\t\t<\/span>\n\t\t\t<\/div>\n\t\t\t\n\t\t\t\t\t\t<div class=\"elementor-icon-box-content\">\n\n\t\t\t\t\t\t\t\t\t<h3 class=\"elementor-icon-box-title\">\n\t\t\t\t\t\t<span  >\n\t\t\t\t\t\t\tQUITO\t\t\t\t\t\t<\/span>\n\t\t\t\t\t<\/h3>\n\t\t\t\t\n\t\t\t\t\t\t\t\t\t<p class=\"elementor-icon-box-description\">\n\t\t\t\t\t\tCuero y Caicedo y Jorge Juan (esquina)\t\t\t\t\t<\/p>\n\t\t\t\t\n\t\t\t<\/div>\n\t\t\t\n\t\t<\/div>\n\t\t\t\t\t\t<\/div>\n\t\t\t\t<\/div>\n\t\t\t\t<\/div>\n\t\t\t\t\t<\/div>\n\t\t\t\t<\/div>\n\t\t<div class=\"elementor-element elementor-element-f0caa39 e-flex e-con-boxed e-con e-parent\" data-id=\"f0caa39\" data-element_type=\"container\" data-settings=\"{&quot;background_background&quot;:&quot;classic&quot;}\">\n\t\t\t\t\t<div class=\"e-con-inner\">\n\t\t<div class=\"elementor-element elementor-element-760f109 e-flex e-con-boxed e-con e-child\" data-id=\"760f109\" data-element_type=\"container\">\n\t\t\t\t\t<div class=\"e-con-inner\">\n\t\t\t\t<div class=\"elementor-element elementor-element-1396072 elementor-widget elementor-widget-heading\" data-id=\"1396072\" data-element_type=\"widget\" data-widget_type=\"heading.default\">\n\t\t\t\t<div class=\"elementor-widget-container\">\n\t\t\t\t\t<h2 class=\"elementor-heading-title elementor-size-default\">DESCUBRE NUESTRA CERVEZA<\/h2>\t\t\t\t<\/div>\n\t\t\t\t<\/div>\n\t\t\t\t\t<\/div>\n\t\t\t\t<\/div>\n\t\t<div class=\"elementor-element elementor-element-a54c478 e-grid e-con-full e-con e-child\" data-id=\"a54c478\" data-element_type=\"container\">\n\t\t<div class=\"elementor-element elementor-element-06693d6 e-grid e-con-full e-con e-child\" data-id=\"06693d6\" data-element_type=\"container\">\n\t\t\t\t<div class=\"elementor-element elementor-element-8e9b545 elementor-widget elementor-widget-text-editor\" data-id=\"8e9b545\" data-element_type=\"widget\" data-widget_type=\"text-editor.default\">\n\t\t\t\t<div class=\"elementor-widget-container\">\n\t\t\t\t\t\t\t\t\tQUE OPINAN NUESTROS CLIENTES\n\n<strong>99%<\/strong>\n\nSATISFACCI\u00d3N\t\t\t\t\t\t\t\t<\/div>\n\t\t\t\t<\/div>\n\t\t\t\t<\/div>\n\t\t<div class=\"elementor-element elementor-element-bb0f466 e-grid e-con-full e-con e-child\" data-id=\"bb0f466\" data-element_type=\"container\">\n\t\t\t\t<div class=\"elementor-element elementor-element-200e022 elementor-widget elementor-widget-text-editor\" data-id=\"200e022\" data-element_type=\"widget\" data-widget_type=\"text-editor.default\">\n\t\t\t\t<div class=\"elementor-widget-container\">\n\t\t\t\t\t\t\t\t\t<p>QUE OPINAN NUESTROS CLIENTES<\/p><p><strong>99%<\/strong><\/p><p>SATISFACCI\u00d3N<\/p>\t\t\t\t\t\t\t\t<\/div>\n\t\t\t\t<\/div>\n\t\t\t\t<\/div>\n\t\t<div class=\"elementor-element elementor-element-28b0596 e-grid e-con-full e-con e-child\" data-id=\"28b0596\" data-element_type=\"container\">\n\t\t\t\t<div class=\"elementor-element elementor-element-d4fb9fe elementor-widget elementor-widget-text-editor\" data-id=\"d4fb9fe\" data-element_type=\"widget\" data-widget_type=\"text-editor.default\">\n\t\t\t\t<div class=\"elementor-widget-container\">\n\t\t\t\t\t\t\t\t\t<p>QUE OPINAN NUESTROS CLIENTES<\/p><p><strong>99%<\/strong><\/p><p>SATISFACCI\u00d3N<\/p>\t\t\t\t\t\t\t\t<\/div>\n\t\t\t\t<\/div>\n\t\t\t\t<\/div>\n\t\t\t\t<\/div>\n\t\t\t\t<div class=\"elementor-element elementor-element-831b64e elementor-align-center elementor-widget elementor-widget-button\" data-id=\"831b64e\" data-element_type=\"widget\" data-widget_type=\"button.default\">\n\t\t\t\t<div class=\"elementor-widget-container\">\n\t\t\t\t\t\t\t\t\t<div class=\"elementor-button-wrapper\">\n\t\t\t\t\t<a class=\"elementor-button elementor-button-link elementor-size-sm\" href=\"https:\/\/cervezaencuentro.com\/index.php\/tienda-2\/\">\n\t\t\t\t\t\t<span class=\"elementor-button-content-wrapper\">\n\t\t\t\t\t\t\t\t\t<span class=\"elementor-button-text\">VER PRODUCTOS<\/span>\n\t\t\t\t\t<\/span>\n\t\t\t\t\t<\/a>\n\t\t\t\t<\/div>\n\t\t\t\t\t\t\t\t<\/div>\n\t\t\t\t<\/div>\n\t\t\t\t\t<\/div>\n\t\t\t\t<\/div>\n\t\t<div class=\"elementor-element elementor-element-ea798f7 e-flex e-con-boxed e-con e-parent\" data-id=\"ea798f7\" data-element_type=\"container\" data-settings=\"{&quot;background_background&quot;:&quot;classic&quot;,&quot;background_motion_fx_motion_fx_scrolling&quot;:&quot;yes&quot;,&quot;background_motion_fx_devices&quot;:[&quot;desktop&quot;,&quot;tablet&quot;,&quot;mobile&quot;]}\">\n\t\t\t\t\t<div class=\"e-con-inner\">\n\t\t<div class=\"elementor-element elementor-element-ddaf136 e-con-full e-flex e-con e-child\" data-id=\"ddaf136\" data-element_type=\"container\">\n\t\t\t\t<div class=\"elementor-element elementor-element-452dc07 e-transform e-transform elementor-widget elementor-widget-image\" data-id=\"452dc07\" data-element_type=\"widget\" data-settings=\"{&quot;_transform_rotateZ_effect&quot;:{&quot;unit&quot;:&quot;px&quot;,&quot;size&quot;:&quot;&quot;,&quot;sizes&quot;:[]},&quot;_transform_rotateZ_effect_tablet&quot;:{&quot;unit&quot;:&quot;deg&quot;,&quot;size&quot;:&quot;&quot;,&quot;sizes&quot;:[]},&quot;_transform_rotateZ_effect_mobile&quot;:{&quot;unit&quot;:&quot;deg&quot;,&quot;size&quot;:&quot;&quot;,&quot;sizes&quot;:[]},&quot;_transform_skewX_effect&quot;:{&quot;unit&quot;:&quot;px&quot;,&quot;size&quot;:&quot;&quot;,&quot;sizes&quot;:[]},&quot;_transform_skewX_effect_tablet&quot;:{&quot;unit&quot;:&quot;deg&quot;,&quot;size&quot;:&quot;&quot;,&quot;sizes&quot;:[]},&quot;_transform_skewX_effect_mobile&quot;:{&quot;unit&quot;:&quot;deg&quot;,&quot;size&quot;:&quot;&quot;,&quot;sizes&quot;:[]},&quot;_transform_skewY_effect&quot;:{&quot;unit&quot;:&quot;px&quot;,&quot;size&quot;:&quot;&quot;,&quot;sizes&quot;:[]},&quot;_transform_skewY_effect_tablet&quot;:{&quot;unit&quot;:&quot;deg&quot;,&quot;size&quot;:&quot;&quot;,&quot;sizes&quot;:[]},&quot;_transform_skewY_effect_mobile&quot;:{&quot;unit&quot;:&quot;deg&quot;,&quot;size&quot;:&quot;&quot;,&quot;sizes&quot;:[]}}\" data-widget_type=\"image.default\">\n\t\t\t\t<div class=\"elementor-widget-container\">\n\t\t\t\t\t\t\t\t\t\t\t\t\t\t\t<img decoding=\"async\" src=\"https:\/\/cervezaencuentro.com\/wp-content\/uploads\/elementor\/thumbs\/unnamed-1-r7eeyk3lwcu7t07m6fgxf8iv86n7a6cgatv95mo2q8.webp\" title=\"unnamed (1)\" alt=\"unnamed (1)\" loading=\"lazy\" \/>\t\t\t\t\t\t\t\t\t\t\t\t\t\t\t<\/div>\n\t\t\t\t<\/div>\n\t\t\t\t<\/div>\n\t\t<div class=\"elementor-element elementor-element-d9b205d e-con-full e-flex e-con e-child\" data-id=\"d9b205d\" data-element_type=\"container\">\n\t\t\t\t<div class=\"elementor-element elementor-element-0710540 elementor-widget-tablet__width-initial elementor-widget elementor-widget-text-editor\" data-id=\"0710540\" data-element_type=\"widget\" data-widget_type=\"text-editor.default\">\n\t\t\t\t<div class=\"elementor-widget-container\">\n\t\t\t\t\t\t\t\t\t<p>LA CERVEZA VA M\u00c1S ALL\u00c1 DEL SABOR: ES UN RITUAL, UNA CULTURA Y UNA FORMA DE CONEXI\u00d3N HUMANA. CADA ETIQUETA ES SELECCIONADA CON CRITERIO, TRABAJAMOS CON PRODUCTORES COMPROMETIDOS Y CUIDAMOS CADA DETALLE PARA QUE EL AMBIENTE SEA TAN AUT\u00c9NTICO COMO CADA CERVEZA QUE SERVIMOS.<\/p>\t\t\t\t\t\t\t\t<\/div>\n\t\t\t\t<\/div>\n\t\t\t\t<div class=\"elementor-element elementor-element-ead376a elementor-widget elementor-widget-text-editor\" data-id=\"ead376a\" data-element_type=\"widget\" data-widget_type=\"text-editor.default\">\n\t\t\t\t<div class=\"elementor-widget-container\">\n\t\t\t\t\t\t\t\t\t<p>NO SE TRATA SOLO DE BEBER, SINO DE DISFRUTAR MOMENTOS QUE PERMANECEN. NOS MUEVE LA CALIDAD, LA EXPERIENCIA Y EL PODER DE UN BUEN ENCUENTRO. PORQUE EN CADA VASO HAY UNA HISTORIA, Y EN CADA BRINDIS, UNA CONEXI\u00d3N QUE VA M\u00c1S ALL\u00c1.<\/p>\t\t\t\t\t\t\t\t<\/div>\n\t\t\t\t<\/div>\n\t\t\t\t<div class=\"elementor-element elementor-element-dc82b62 elementor-widget elementor-widget-button\" data-id=\"dc82b62\" data-element_type=\"widget\" data-widget_type=\"button.default\">\n\t\t\t\t<div class=\"elementor-widget-container\">\n\t\t\t\t\t\t\t\t\t<div class=\"elementor-button-wrapper\">\n\t\t\t\t\t<a class=\"elementor-button elementor-size-sm\" role=\"button\">\n\t\t\t\t\t\t<span class=\"elementor-button-content-wrapper\">\n\t\t\t\t\t\t\t\t\t<span class=\"elementor-button-text\">DESCUBRE NUESTRAS CERVEZAS<\/span>\n\t\t\t\t\t<\/span>\n\t\t\t\t\t<\/a>\n\t\t\t\t<\/div>\n\t\t\t\t\t\t\t\t<\/div>\n\t\t\t\t<\/div>\n\t\t\t\t<\/div>\n\t\t<div class=\"elementor-element elementor-element-9d81793 e-con-full e-flex e-con e-child\" data-id=\"9d81793\" data-element_type=\"container\">\n\t\t\t\t<div class=\"elementor-element elementor-element-98527fe elementor-widget elementor-widget-image\" data-id=\"98527fe\" data-element_type=\"widget\" data-widget_type=\"image.default\">\n\t\t\t\t<div class=\"elementor-widget-container\">\n\t\t\t\t\t\t\t\t\t\t\t\t\t\t\t<img loading=\"lazy\" decoding=\"async\" width=\"800\" height=\"1000\" src=\"https:\/\/cervezaencuentro.com\/wp-content\/uploads\/2025\/06\/472338160_624092773525733_8468675388917077577_n-819x1024.png\" class=\"attachment-large size-large wp-image-189\" alt=\"\" srcset=\"https:\/\/cervezaencuentro.com\/wp-content\/uploads\/2025\/06\/472338160_624092773525733_8468675388917077577_n-819x1024.png 819w, https:\/\/cervezaencuentro.com\/wp-content\/uploads\/2025\/06\/472338160_624092773525733_8468675388917077577_n-240x300.png 240w, https:\/\/cervezaencuentro.com\/wp-content\/uploads\/2025\/06\/472338160_624092773525733_8468675388917077577_n-768x960.png 768w, https:\/\/cervezaencuentro.com\/wp-content\/uploads\/2025\/06\/472338160_624092773525733_8468675388917077577_n-1228x1536.png 1228w, https:\/\/cervezaencuentro.com\/wp-content\/uploads\/2025\/06\/472338160_624092773525733_8468675388917077577_n-600x750.png 600w, https:\/\/cervezaencuentro.com\/wp-content\/uploads\/2025\/06\/472338160_624092773525733_8468675388917077577_n.png 1349w\" sizes=\"(max-width: 800px) 100vw, 800px\" \/>\t\t\t\t\t\t\t\t\t\t\t\t\t\t\t<\/div>\n\t\t\t\t<\/div>\n\t\t\t\t<\/div>\n\t\t\t\t\t<\/div>\n\t\t\t\t<\/div>\n\t\t\t\t<\/div>\n\t\t","protected":false},"excerpt":{"rendered":"<p>NUESTRA EMPRESA NACI\u00d3 GRACIAS A LOS APASIONADOS DE LA CERVEZA Encuentro beer cellar surge del entusiasmo y la pasi\u00f3n por la cerveza artesanal, un espacio creado para quienes buscan m\u00e1s que una bebida: un lugar donde compartir, descubrir y celebrar cada sabor. aqu\u00ed, cada encuentro se convierte en una experiencia \u00fanica, dise\u00f1ada para conectar personas [&hellip;]<\/p>\n","protected":false},"author":1,"featured_media":0,"parent":0,"menu_order":0,"comment_status":"closed","ping_status":"closed","template":"","meta":{"footnotes":""},"class_list":["post-134","page","type-page","status-publish","hentry"],"_links":{"self":[{"href":"https:\/\/cervezaencuentro.com\/index.php\/wp-json\/wp\/v2\/pages\/134","targetHints":{"allow":["GET"]}}],"collection":[{"href":"https:\/\/cervezaencuentro.com\/index.php\/wp-json\/wp\/v2\/pages"}],"about":[{"href":"https:\/\/cervezaencuentro.com\/index.php\/wp-json\/wp\/v2\/types\/page"}],"author":[{"embeddable":true,"href":"https:\/\/cervezaencuentro.com\/index.php\/wp-json\/wp\/v2\/users\/1"}],"replies":[{"embeddable":true,"href":"https:\/\/cervezaencuentro.com\/index.php\/wp-json\/wp\/v2\/comments?post=134"}],"version-history":[{"count":19,"href":"https:\/\/cervezaencuentro.com\/index.php\/wp-json\/wp\/v2\/pages\/134\/revisions"}],"predecessor-version":[{"id":547,"href":"https:\/\/cervezaencuentro.com\/index.php\/wp-json\/wp\/v2\/pages\/134\/revisions\/547"}],"wp:attachment":[{"href":"https:\/\/cervezaencuentro.com\/index.php\/wp-json\/wp\/v2\/media?parent=134"}],"curies":[{"name":"wp","href":"https:\/\/api.w.org\/{rel}","templated":true}]}}